{"id":110,"date":"2018-07-17T18:42:43","date_gmt":"2018-07-17T16:42:43","guid":{"rendered":"http:\/\/lavanderianuvola.it\/?page_id=110"},"modified":"2018-11-06T00:18:34","modified_gmt":"2018-11-05T23:18:34","slug":"macchie-impossibili","status":"publish","type":"page","link":"https:\/\/lavanderianuvola.it\/?page_id=110","title":{"rendered":"MACCHIE IMPOSSIBILI"},"content":{"rendered":"<p>&nbsp;<\/p>\n<p class=\"Standard\" style=\"text-align: center;\">Quello delle macchie \u00e8 un problema ricorrente in ogni casa. Evitarle del tutto \u00e8 impossibile e toglierle a volte \u00e8 davvero un\u2019impresa titanica. Per capire come eliminare\u00a0le macchie dobbiamo partire da due punti fondamentali: il tipo di macchia (caff\u00e8, vino, erba, unto\u2026 ecc.) e il materiale dell\u2019oggetto macchiato (tessuto naturale, sintetico, misto, pelle\u2026ecc.).\u00a0Ogni macchia ha la sua soluzione, ma le variabili e le possibili combinazioni in questo campo possono essere molte. E necessario poi considerare anche altri fattori importanti, come la dimensione e la data della macchia, oppure il colore del capo macchiato, e altro ancora.<\/p>\n<p>&nbsp;<\/p>\n<h2 class=\"Standard\" style=\"text-align: center;\">Noi in Lavanderia Nuvola vi offriamo un servizio specializzato per rimuovere macchie impossibili dai vostri capi preferiti: contattateci per maggiorni informazioni!<\/h2>\n<h2 style=\"text-align: center;\"><span class=\"_50f8 _2iem\"><img decoding=\"async\" loading=\"lazy\" class=\"aligncenter size-full wp-image-180\" src=\"http:\/\/lavanderianuvola.it\/wp-content\/uploads\/2018\/11\/nuvola4.jpg\" alt=\"\" width=\"2000\" height=\"1333\" srcset=\"https:\/\/lavanderianuvola.it\/wp-content\/uploads\/2018\/11\/nuvola4.jpg 2000w, https:\/\/lavanderianuvola.it\/wp-content\/uploads\/2018\/11\/nuvola4-300x200.jpg 300w, https:\/\/lavanderianuvola.it\/wp-content\/uploads\/2018\/11\/nuvola4-768x512.jpg 768w, https:\/\/lavanderianuvola.it\/wp-content\/uploads\/2018\/11\/nuvola4-1024x682.jpg 1024w\" sizes=\"(max-width: 2000px) 100vw, 2000px\" \/><\/span><\/h2>\n","protected":false},"excerpt":{"rendered":"<p>&nbsp; Quello delle macchie \u00e8 un problema ricorrente in ogni casa. Evitarle del tutto \u00e8 impossibile e toglierle a volte \u00e8 davvero un\u2019impresa titanica. Per capire come eliminare\u00a0le macchie dobbiamo partire da due punti fondamentali: il tipo di macchia (caff\u00e8,<\/p>\n","protected":false},"author":1,"featured_media":128,"parent":0,"menu_order":0,"comment_status":"closed","ping_status":"closed","template":"","meta":[],"_links":{"self":[{"href":"https:\/\/lavanderianuvola.it\/index.php?rest_route=\/wp\/v2\/pages\/110"}],"collection":[{"href":"https:\/\/lavanderianuvola.it\/index.php?rest_route=\/wp\/v2\/pages"}],"about":[{"href":"https:\/\/lavanderianuvola.it\/index.php?rest_route=\/wp\/v2\/types\/page"}],"author":[{"embeddable":true,"href":"https:\/\/lavanderianuvola.it\/index.php?rest_route=\/wp\/v2\/users\/1"}],"replies":[{"embeddable":true,"href":"https:\/\/lavanderianuvola.it\/index.php?rest_route=%2Fwp%2Fv2%2Fcomments&post=110"}],"version-history":[{"count":6,"href":"https:\/\/lavanderianuvola.it\/index.php?rest_route=\/wp\/v2\/pages\/110\/revisions"}],"predecessor-version":[{"id":181,"href":"https:\/\/lavanderianuvola.it\/index.php?rest_route=\/wp\/v2\/pages\/110\/revisions\/181"}],"wp:featuredmedia":[{"embeddable":true,"href":"https:\/\/lavanderianuvola.it\/index.php?rest_route=\/wp\/v2\/media\/128"}],"wp:attachment":[{"href":"https:\/\/lavanderianuvola.it\/index.php?rest_route=%2Fwp%2Fv2%2Fmedia&parent=110"}],"curies":[{"name":"wp","href":"https:\/\/api.w.org\/{rel}","templated":true}]}}